{"id":574,"date":"2026-04-06T20:32:22","date_gmt":"2026-04-06T20:32:22","guid":{"rendered":"https:\/\/my-pinkelephant.com\/masterclass\/?page_id=574"},"modified":"2026-04-20T20:04:41","modified_gmt":"2026-04-20T20:04:41","slug":"the-future-of-itsm-with-ai-data-driven-organizations","status":"publish","type":"page","link":"https:\/\/my-pinkelephant.com\/masterclass\/","title":{"rendered":"The Future of ITSM with AI &amp; Data-Driven Organizations"},"content":{"rendered":"\n<div class=\"d25buildingBlock2fixeduno\">\n\t<div class=\"btncomra2fixed\"><a href=\"https:\/\/my-pinkelephant.com\/masterclass\/producto\/evento-online-pink-masterclass-the-future-of-itsm-with-ai-data-driven-organizations\/\">Comprar<\/a><\/div>\n<\/div>\n\n<div id=\"seccion1\"><\/div><div class=\"d25buildingBlock2fixeduno\">\n\t<div class=\"btncomra2fixed\"><a href=\"https:\/\/my-pinkelephant.com\/masterclass\/producto\/evento-online-pink-masterclass-the-future-of-itsm-with-ai-data-driven-organizations\/\">Comprar<\/a><\/div>\n<\/div>\n\n<div id=\"seccion1\"><\/div>\n        <div class=\"box1\">\n        \t<div class=\"contimggral\">\n\t\t\t\t<img decoding=\"async\" src=\"https:\/\/my-pinkelephant.com\/masterclass\/wp-content\/uploads\/2026\/04\/banner-master-class-the-future.jpeg\" alt=\"Masterclass\" \/>\n\t\t\t\t<!--<div class=\"logoapromore\"><a href=\"https:\/\/ticnine.com\/\" target=\"_blank\" rel=\"noopener\"><img decoding=\"async\" src=\"img\/logo-ticnine.png\" alt=\"Logo TICnine\" \/><\/a><\/div>\n\t\t\t\t<div class=\"logopink\"><a href=\"https:\/\/pinkelephant-latam.com\/\" target=\"_blank\" rel=\"noopener\"><img decoding=\"async\" src=\"img\/logo_pink_elephant-cuadro.png\" alt=\"Logo Pink\" \/><\/a><\/div>-->\n\t\t\t<\/div>\n\n            <div class=\"contimggralm\"><img decoding=\"async\" src=\"https:\/\/my-pinkelephant.com\/masterclass\/wp-content\/uploads\/2026\/04\/banner-master-class-the-future-responsive.jpeg\" alt=\"Masterclass\" \/>\n\t\t\t<!--\t<div class=\"logoapromore\"><a href=\"https:\/\/ticnine.com\/\" target=\"_blank\" rel=\"noopener\"><img decoding=\"async\" src=\"#\" alt=\"Logo TICnine\" \/><\/a><\/div>\n\t\t\t\t<div class=\"logopink\"><a href=\"https:\/\/pinkelephant-latam.com\/\" target=\"_blank\" rel=\"noopener\"><img decoding=\"async\" src=\"img\/logo_pink_elephant-cuadro.png\" alt=\"Logo Pink\" \/><\/a><\/div>\t-->\n\t\t\t<\/div>\n\t\t\t\n\t\t\t<!--<div class=\"barratimer\">\n\t\t\t\t<div class=\"barratimercontleft\"><b>\u00daltimos d\u00edas de descuento<\/b><br>Asegura tu lugar con precio especial.<\/div>\n\t\t\t\t<div class=\"barratimercontright\"><script\n  src=\"https:\/\/widgets.leadconnectorhq.com\/cdt\/remoteEntry.js\"\n  timerId=\"689cc46d96b086000d28080e\"\n  position=\"left\"\n  data-v2=\"true\"\n  async\n><\/script><\/div>\n    \t\t<\/div>-->\n        \t\t\t\t\n\t\t\t<section class=\"bg-gray info-bar_info-bar__buildingBlockContainer wide-form-wrapper\">\n\t\t\t\t<div class=\"d25-container\">\n\t\t\t\t\t <div class=\"d25buildingBlockParent\">\n\t\t\t\t\t\t<div class=\"d25buildingBlock\">\n\t\t\t\t\t\t\t<p>INICIO<\/p>\n\t\t\t\t\t\t\t<p><b>Mi\u00e9rcoles 27 de mayo 2026 de<\/b><\/p>\n\t\t\t\t\t\t\t<p><b>08:30 a 12:15 hrs. CDMX <\/b><\/p>\n\t\t\t\t\t\t<\/div>\n\t\t\t\t\t\t<div class=\"d25buildingBlock\">\n\t\t\t\t\t\t\t<p>DURACI\u00d3N<\/p>\n\t\t\t\t\t\t\t<p><b>3 horas 45 minutos<\/b><\/p>\n\t\t\t\t\t\t<\/div>\n\t\t\t\t\t\t<div class=\"d25buildingBlock\">\n\t\t\t\t\t\t\t<p>MODALIDAD<\/p>\n\t\t\t\t\t\t\t<p><b>Online: ZOOM<\/b><\/p>\n\t\t\t\t\t\t<\/div>\t\n\t\t\t\t\t\t<div class=\"d25buildingBlock\">\n\t\t\t\t\t\t\t<p>PRECIO<\/p>\n\t\t\t\t\t\t\t<p><b>$200 USD + IVA<\/b><\/p>\n\t\t\t\t\t\t\t<p><b><a href=\"#\" class=\"pesp\">Promociones especiales<\/a><\/b><\/p>\n\t\t\t\t\t\t<\/div>\n\t\t\t\t\t\t <div class=\"d25buildingBlock\">\n\t\t\t\t\t\t\t<div class=\"btncomra\"><a href=\"https:\/\/my-pinkelephant.com\/masterclass\/producto\/evento-online-pink-masterclass-the-future-of-itsm-with-ai-data-driven-organizations\/\">Comprar<\/a><\/div>\n\t\t\t\t\t\t<\/div>\n\t\t\t\t\t<\/div>\n\t\t\t\t<\/div>\n\t\t\t<\/section>\n\t\t\t\n\t\t\t\n\n        <div class=\"box2\">\n\n\t\t\t<div class=\"contbox2\">\n\t\t\t\t<div class=\"contdce\">\n\t\t\t\t\t<div class=\"contdceder\">\n\t\t\t\t\t\t<div class=\"cimgboxelefantecontder\" style=\"width: 80%;\"><img decoding=\"async\" src=\"https:\/\/my-pinkelephant.com\/masterclass\/wp-content\/uploads\/2025\/08\/elefante-master-class.jpg\" alt=\"Troy DuMoulin\"><\/div>\n\t\t\t\t\t<\/div>\n\t\t\t\t\t<div class=\"contdceizq\">\n\t\t\t\t\t\t<h2><b>El futuro de ITSM ya no se gestiona, se orquesta. <br>\u00bfEst\u00e1 listo para liderarlo?<\/b><\/h2>\t\t\t\t\t\t\n\t\t\t\t\t\t<p>\u00danase a una experiencia de inmersi\u00f3n dise\u00f1ada para l\u00edderes que no solo buscan adaptarse a la Inteligencia Artificial, sino dominarla. En este evento exclusivo de Pink Elephant LATAM, trazaremos la hoja de ruta desde la operaci\u00f3n tradicional hasta el horizonte del TI Aut\u00f3nomo.  Iniciaremos con el Master Class estrat\u00e9gica con Troy DuMoulin, cl\u00ednicas aplicadas para resolver desaf\u00edos reales y un Lab Tech Experience de vanguardia para ver en acci\u00f3n las herramientas que habilitan un TI aut\u00f3nomo.<\/p>\n\t\t\t\t\t<\/div>\n\t\t\t\t<\/div>\n\t\t\t<\/div>\t\n        <\/div>\n\t\t<div class=\"box2listoncillo\">Domine la transici\u00f3n de <b>gestionar a orquestar un ITSM impulsado por IA<\/b>, trazando la hoja de ruta desde la operaci\u00f3n tradicional hacia el horizonte del TI Aut\u00f3nomo.<\/div>\n\n\t\t<div class=\"boxelefante\">\n\t\t\t<div class=\"boxelefantecont\">\n\t\t\t\t<div class=\"boxelefantecontder\">\n\t\t\t\t\t<div class=\"cimgboxelefantecontder\"><img decoding=\"async\" src=\"https:\/\/my-pinkelephant.com\/masterclass\/wp-content\/uploads\/2025\/10\/troy-dumolin-master-class-vf.jpg\" alt=\"Troy DuMoulin\"><\/div>\n\t\t\t\t<\/div>\n\t\t\t\t<div class=\"boxelefantecontizq\">\n\t\t\t\t\t<h2><b style=\"color:#db067a; font-size: 0.8em;\">Speaker Internacional<\/b><br><b>Troy DuMoulin<\/b><\/h2>\n\t\t\t\t\t<p><b>Troy es uno de los expertos en gesti\u00f3n de servicios de TI m\u00e1s respetados y experimentados del mundo<\/b>, gracias a su investigaci\u00f3n y pasi\u00f3n constante, se ha convertido r\u00e1pidamente en una autoridad l\u00edder del sector en el impacto de la IA en ITSM. <\/p>\n\t\t\t\t\t<p>Con casi 30 a\u00f1os de experiencia en el sector, su conocimiento y experiencia en ITSM son inigualables. <b>Troy es autor de numerosos art\u00edculos, trabajos, blogs y libros sobre cat\u00e1logo de servicios, Lean y gesti\u00f3n de servicios de TI.<\/b> Es un orador, formador y consultor muy solicitado.<\/p>\n\t\t\t\t\t\n\t\t\t\t\t\n\t\t\t\t<\/div>\n\n\t\t\t<\/div>\n\t\t\t\n\t\t\n\t\t<\/div>\n\t\t\n\t\t\t\n\n        <div class=\"box3eleph\">\n\t\t\t<div class=\"box3elephcont\">  \t\n            \t<div class=\"box3elephizq\">\t\t\t \n\t\t\t\t\t<h2>\u00bfPor qu\u00e9 Asistir?<\/h2>\n\t\t\t\t\t<h3>Este no es un webinar m\u00e1s; es un acelerador de madurez digital.<\/h3>\n\t\t\t\t\t<p> Al finalizar, contar\u00e1 con los criterios estrat\u00e9gicos de Troy DuMoulin, la experiencia pr\u00e1ctica de las cl\u00ednicas y la evidencia t\u00e9cnica del laboratorio para iniciar la transformaci\u00f3n hacia un Service Management inteligente, predictivo y aut\u00f3nomo.<\/p> <br>\n       \t  \t\t<\/div> \n\t\t\t<\/div>\t\n        <\/div>\n\t\t\t\n\t\t\t<div class=\"box5titulo\" style=\"padding-bottom: 50px;\">\t\t\t\n\t\t\t\t<div class=\"box6rosatxt\">\n\t\t\t\t <span class=\"programcolor1\" style=\"text-align: center; display: block;\"><b style=\"font-weight: 400; font-size: 1em;\">AGENDA<\/b><\/span><br>\n\t\t\t\t <span class=\"programcolor4\">\n\t\t\t\t\t <b>1. The Shape of the Future of ITSM with AI &#038; Data-Driven (Con traducci\u00f3n simult\u00e1nea, duraci\u00f3n 2.5 horas)<\/b><br>\n\t\t\t\t\t <b>Keynote principal, Troy DuMoulin<\/b><br>\n\t\t\t\t\t Esta sesi\u00f3n explora la evoluci\u00f3n de la Gesti\u00f3n de Servicios de TI (ITSM) desde la automatizaci\u00f3n tradicional hasta los flujos de trabajo basados en GenAI, agentes y datos. Troy analizar\u00e1 casos de uso pr\u00e1cticos que van desde operaciones impulsadas por IA e ingenier\u00eda basada en agentes (vibe coding) hasta el despliegue de portales inteligentes en la entrega de servicios de TI. Los asistentes conocer\u00e1n el impacto real de los modelos operativos h\u00edbridos humano-IA y obtendr\u00e1n perspectivas estrat\u00e9gicas para transformar sus organizaciones en operaciones inteligentes de alto impacto.<br>\n<br>\t\t\t\t \n\t\t\t\t\t <b>2. Clinicas de Implementaci\u00f3n.<\/b><br>\n\t\t\t\t\t\t Convierte ideas en acci\u00f3n: saldr\u00e1s con casos de uso de IA claros, priorizados y listos para ejecutar en tus procesos de ITSM<br>\n\t\t\t\t\t    <b>De ITSM tradicional a AI and Data-driven: c\u00f3mo hacerlo realidad (20 minutos)<\/b><br>\n\t\t\t\t\t\t\u2022\tRompa el ciclo de la reactividad: transforme sus datos aislados en una ventaja competitiva que anticipe las necesidades del negocio antes de que ocurran.<br>\n\t\t\t\t\t    \u2022\tSpeaker: Antonio Jaurena y Julio Ovalle<br>\n\t\t\t\t\t\t<b>El salto hacia ITSM aut\u00f3nomo con IA (20 minutos)<\/b><br>\n\t\t\t\t\t\t\u2022\tDescubra c\u00f3mo evolucionar hacia un IT que detecta, decide y act\u00faa autom\u00e1ticamente, reduciendo operaci\u00f3n manual y elevando el valor del servicio.<br>\n\t\t\t\t\t    \u2022\tSpeaker: Arturo Hern\u00e1ndez (Logicmonitor)<br>\n\n<br>\n\t\t\t\t\t <b>3. Power Skills para liderar ITSM en la era de la IA (30 min)<\/b><br>\n\t\t\t\t\t No se quede atr\u00e1s en la carrera digital: identifique las habilidades de liderazgo que separan a los gestores tradicionales de los arquitectos del futuro.<br>\n\t\t\t\t\t \n\t\t\t\t <\/span>\n\t\t     \t<\/div>\n\t\t\t<\/div>\t\n\t\t\t\n\t\t\t<div class=\"box2listoncillo\" style=\"font-size: 1.2em;\"><b>De la reactividad a la autonom\u00eda: Dise\u00f1e el futuro de un Service Management que detecta, decide y act\u00faa autom\u00e1ticamente.<\/b><\/div>\n\t\t\t\n\t\t\t<div id=\"contpesp\">&nbsp;<\/div>\n\t\t\t<div class=\"contpcolorearb25\" style=\"margin: 50px auto 30px;\">\n\t\t\t\t  <div class=\"contpcolorearb25img descritorio\"><img decoding=\"async\" src=\"https:\/\/my-pinkelephant.com\/masterclass\/wp-content\/uploads\/2025\/08\/bird-master-class-azul.jpg\" alt=\"Early Birds\" \/><\/div>\n\t\t\t\t  <div class=\"contpcolorearb25img dmovil\"><img decoding=\"async\" src=\"https:\/\/my-pinkelephant.com\/masterclass\/wp-content\/uploads\/2025\/08\/paginar-master-class-responsive-bird-azul.png\" alt=\"Early Birds\" \/><\/div>\n\t\t\t\t  <div class=\"contpcolorearb25txt\">\n\t\t\t\t\t  <span class=\"programcolor1a\"><b>PROMOCI\u00d3N ESPECIAL<\/b> <\/span><br> \n\t\t\t\t\t  <span class=\"programcolornego\" style=\"font-weight: bold;\">Precio normal $200 USD por persona  <\/span> <br>\n\t\t\t\t\t  <span class=\"programcolor4 descritorio\" style=\"font-size:1.5em; color: #000;\">\n\t\t\t\t\t\t<b>40% de descuento<\/b> hasta el 27 de abril <br>\n\t\t\t\t\t\t<b>2&#215;1 <\/b> hasta el 27 de abril<br>\n\t\t\t\t\t <\/span>\n\t\t\t\t\t <span class=\"programcolor4 dmovil\" style=\"color: #000;\">\n\t\t\t\t\t\t<b>40% de descuento<\/b>  hasta el 27 de abril<br>\n\t\t\t\t\t\t<b>2&#215;1<\/b> hasta el 27 de abril<br>\n\t\t\t\t\t <\/span>\n\t\t\t      <\/div>  \n\t\t\t\t  \n\t\t      <\/div>\n\t\t\t  \n\t\t\t  <span class=\"programcolor1a\" style=\"text-align: center; display: block; padding-top: 25px; \"><b style=\"font-weight: 400;\">\u00bfQU\u00c9 INCLUYE ESTA MASTER CLASS ONLINE?<\/b> <\/span><br>\n\t\t\t  <div class=\"cont25qincluye4\" style=\"margin-bottom: 0;\">\n\t\t\t  \t  <div class=\"cont25qincluye4int cont25qincluyeintbd\">\n\t\t\t\t\t  <img decoding=\"async\" src=\"https:\/\/my-pinkelephant.com\/masterclass\/wp-content\/uploads\/2025\/08\/icono-1.jpg\" alt=\"Presencial\" \/>\n\t\t\t\t\t  Sesi\u00f3n en l\u00ednea con interpretaci\u00f3n simult\u00e1nea<\/div>\n\t\t\t\t  <div class=\"cont25qincluye4int cont25qincluyeintbd\">\n\t\t\t\t\t  <img decoding=\"async\" src=\"https:\/\/my-pinkelephant.com\/masterclass\/wp-content\/uploads\/2025\/08\/icono-4.jpg\" alt=\"Material F\u00edsico\" \/>\n\t\t\t\t\t  Material digital<br><br><br><\/div>\n\t\t\t\t  <div class=\"cont25qincluye4int cont25qincluyeintbd\">\n\t\t\t\t\t  <img decoding=\"async\" src=\"https:\/\/my-pinkelephant.com\/masterclass\/wp-content\/uploads\/2025\/08\/icono-6.jpg\" alt=\"Constancia de Participaci\u00f3n\" \/>\n\t\t\t\t\t  Constancia de participaci\u00f3n digital<br><br><br><\/div>\n\t\t\t\t  <div class=\"cont25qincluye4int\">\n\t\t\t\t\t  <img decoding=\"async\" src=\"https:\/\/my-pinkelephant.com\/masterclass\/wp-content\/uploads\/2025\/08\/icono-7.jpg\" alt=\"Acceso a materiales adicionales posteriores\" \/>\n\t\t\t\t\t  Acceso a materiales adicionales posteriores<\/div>\n\t\t\t  <\/div>\t\t\t \n\t\t <div class=\"box6rosa\">\n\t\t\t<div class=\"box6rosatxt\">\t\t\t\t\n\t\t\t\t<span class=\"programcolor1\" style=\"text-align: center; display: block; padding-top: 25px; \"><b style=\"font-weight: 400;\">\u00a1Potencie su experiencia con estos beneficios adicionales!<\/b> <\/span><br><br>\t\t\t\n\t\t\t\t\t<p style=\"text-align: center;\"><b>Impulso Curricular. <\/b><br>\n\t\t\t\t\t\tObtenga beca total en el curso e-learning de su elecci\u00f3n: Lean IT o DevOps Essentials.<\/p>\n\t\t\t\t\t<p style=\"text-align: center;\"><b>Roadmap de IA a su medida.<\/b><br>\n\t\t\t\t\tAcceda a una sesi\u00f3n de asesoramiento personalizado para diagnosticar y trazar su ruta de crecimiento personalizado hacia ITSM con AI.<\/p>\n\t\t\t\t\n\t\t\t\t\n\t\t\t\t<span class=\"programcolor1\" style=\"text-align: center; display: block; padding-top: 25px; \"><b style=\"font-weight: 400;\">\u00bfDUDAS? ESCR\u00cdBENOS A: <a href=\"mailto:info.mx@pinkelephant.com\" style=\"color:#d80173; text-decoration: none;\">info.mx@pinkelephant.com<\/a><\/b> <\/span><br><br>\t\t\t\n\t\t\t<\/div>\n\t\t<\/div>\n       \n","protected":false},"excerpt":{"rendered":"<p>Comprar Comprar INICIO Mi\u00e9rcoles 27 de mayo 2026 de 08:30 a 12:15 hrs. CDMX DURACI\u00d3N 3 horas 45 minutos MODALIDAD [&hellip;]<\/p>\n","protected":false},"author":1,"featured_media":0,"parent":0,"menu_order":0,"comment_status":"closed","ping_status":"closed","template":"","meta":{"site-sidebar-layout":"default","site-content-layout":"","ast-site-content-layout":"default","site-content-style":"default","site-sidebar-style":"default","ast-global-header-display":"","ast-banner-title-visibility":"","ast-main-header-display":"","ast-hfb-above-header-display":"","ast-hfb-below-header-display":"","ast-hfb-mobile-header-display":"","site-post-title":"","ast-breadcrumbs-content":"","ast-featured-img":"","footer-sml-layout":"","theme-transparent-header-meta":"","adv-header-id-meta":"","stick-header-meta":"","header-above-stick-meta":"","header-main-stick-meta":"","header-below-stick-meta":"","astra-migrate-meta-layouts":"default","ast-page-background-enabled":"default","ast-page-background-meta":{"desktop":{"background-color":"var(--ast-global-color-5)","background-image":"","background-repeat":"repeat","background-position":"center center","background-size":"auto","background-attachment":"scroll","background-type":"","background-media":"","overlay-type":"","overlay-color":"","overlay-opacity":"","overlay-gradient":""},"tablet":{"background-color":"","background-image":"","background-repeat":"repeat","background-position":"center center","background-size":"auto","background-attachment":"scroll","background-type":"","background-media":"","overlay-type":"","overlay-color":"","overlay-opacity":"","overlay-gradient":""},"mobile":{"background-color":"","background-image":"","background-repeat":"repeat","background-position":"center center","background-size":"auto","background-attachment":"scroll","background-type":"","background-media":"","overlay-type":"","overlay-color":"","overlay-opacity":"","overlay-gradient":""}},"ast-content-background-meta":{"desktop":{"background-color":"var(--ast-global-color-4)","background-image":"","background-repeat":"repeat","background-position":"center center","background-size":"auto","background-attachment":"scroll","background-type":"","background-media":"","overlay-type":"","overlay-color":"","overlay-opacity":"","overlay-gradient":""},"tablet":{"background-color":"var(--ast-global-color-4)","background-image":"","background-repeat":"repeat","background-position":"center center","background-size":"auto","background-attachment":"scroll","background-type":"","background-media":"","overlay-type":"","overlay-color":"","overlay-opacity":"","overlay-gradient":""},"mobile":{"background-color":"var(--ast-global-color-4)","background-image":"","background-repeat":"repeat","background-position":"center center","background-size":"auto","background-attachment":"scroll","background-type":"","background-media":"","overlay-type":"","overlay-color":"","overlay-opacity":"","overlay-gradient":""}},"footnotes":""},"class_list":["post-574","page","type-page","status-publish","hentry"],"_links":{"self":[{"href":"https:\/\/my-pinkelephant.com\/masterclass\/wp-json\/wp\/v2\/pages\/574","targetHints":{"allow":["GET"]}}],"collection":[{"href":"https:\/\/my-pinkelephant.com\/masterclass\/wp-json\/wp\/v2\/pages"}],"about":[{"href":"https:\/\/my-pinkelephant.com\/masterclass\/wp-json\/wp\/v2\/types\/page"}],"author":[{"embeddable":true,"href":"https:\/\/my-pinkelephant.com\/masterclass\/wp-json\/wp\/v2\/users\/1"}],"replies":[{"embeddable":true,"href":"https:\/\/my-pinkelephant.com\/masterclass\/wp-json\/wp\/v2\/comments?post=574"}],"version-history":[{"count":32,"href":"https:\/\/my-pinkelephant.com\/masterclass\/wp-json\/wp\/v2\/pages\/574\/revisions"}],"predecessor-version":[{"id":624,"href":"https:\/\/my-pinkelephant.com\/masterclass\/wp-json\/wp\/v2\/pages\/574\/revisions\/624"}],"wp:attachment":[{"href":"https:\/\/my-pinkelephant.com\/masterclass\/wp-json\/wp\/v2\/media?parent=574"}],"curies":[{"name":"wp","href":"https:\/\/api.w.org\/{rel}","templated":true}]}}