{"id":591,"date":"2026-04-07T16:08:36","date_gmt":"2026-04-07T16:08:36","guid":{"rendered":"https:\/\/my-pinkelephant.com\/masterclass\/?post_type=product&#038;p=591"},"modified":"2026-04-09T18:44:33","modified_gmt":"2026-04-09T18:44:33","slug":"evento-online-pink-masterclass-the-future-of-itsm-with-ai-data-driven-organizations","status":"publish","type":"product","link":"https:\/\/my-pinkelephant.com\/masterclass\/producto\/evento-online-pink-masterclass-the-future-of-itsm-with-ai-data-driven-organizations\/","title":{"rendered":"Evento ONLINE Pink Masterclass, The Future of ITSM with AI &#038; Data-Driven Organizations"},"content":{"rendered":"<p>\u00danase a una experiencia de inmersi\u00f3n dise\u00f1ada para l\u00edderes que no solo buscan adaptarse a la Inteligencia Artificial, sino dominarla. En este evento exclusivo de Pink Elephant LATAM, trazaremos la hoja de ruta desde la operaci\u00f3n tradicional hasta el horizonte del TI Aut\u00f3nomo. Iniciaremos con la masterclass estrat\u00e9gica con Troy DuMoulin, cl\u00ednicas aplicadas para resolver desaf\u00edos reales y un Lab Tech Experience de vanguardia para ver en acci\u00f3n las herramientas que habilitan un TI aut\u00f3nomo.<\/p>\n<p>M\u00e1s informaci\u00f3n en <a href=\"https:\/\/my-pinkelephant.com\/masterclass\/\">nuestra p\u00e1gina de informaci\u00f3n del evento.<\/a><\/p>\n","protected":false},"excerpt":{"rendered":"<ul>\n<li data-start=\"96\" data-end=\"174\">Precios en <strong>d\u00f3lares americanos<\/strong><\/li>\n<li data-start=\"96\" data-end=\"174\"><strong>El descuento vigente<\/strong> lo ver\u00e1 aplicado directamente en su carrito de compra.<\/li>\n<li data-start=\"96\" data-end=\"174\">El acceso a la Masterclass ser\u00e1 en l\u00ednea, a trav\u00e9s de la <strong>plataforma Zoom<\/strong>.<\/li>\n<li data-start=\"175\" data-end=\"274\">\n<p data-start=\"178\" data-end=\"274\">Recibir\u00e1 un correo de recordatorio un d\u00eda antes y otra notificaci\u00f3n una hora antes del inicio.<\/p>\n<\/li>\n<li data-start=\"175\" data-end=\"274\">\n<p data-start=\"178\" data-end=\"274\">Seleccione el n\u00famero de asistentes en \u00e9sta p\u00e1gina. Justo antes de finalizar el pago, <strong>podr\u00e1 ingresar los datos de cada participante.<\/strong> Cada uno recibir\u00e1 su propio enlace de acceso enviado directamente por Zoom.<\/p>\n<\/li>\n<li data-start=\"275\" data-end=\"353\">Le recomendamos <strong>guardar el correo de Zoom<\/strong>, ya que contiene su enlace de acceso.<\/li>\n<li data-start=\"275\" data-end=\"353\">Revise nuestras <a href=\"https:\/\/my-pinkelephant.com\/masterclass\/politicas-cancelacion-reembolso\/\" target=\"_blank\" rel=\"noopener\">pol\u00edticas de cancelaci\u00f3n y reembolso<\/a>.<\/li>\n<li data-start=\"275\" data-end=\"353\">Volver a la <a href=\"https:\/\/my-pinkelephant.com\/masterclass\/\">p\u00e1gina de informaci\u00f3n del evento<\/a>.<\/li>\n<\/ul>\n","protected":false},"featured_media":599,"template":"","meta":{"site-sidebar-layout":"default","site-content-layout":"","ast-site-content-layout":"default","site-content-style":"default","site-sidebar-style":"default","ast-global-header-display":"","ast-banner-title-visibility":"","ast-main-header-display":"","ast-hfb-above-header-display":"","ast-hfb-below-header-display":"","ast-hfb-mobile-header-display":"","site-post-title":"","ast-breadcrumbs-content":"","ast-featured-img":"","footer-sml-layout":"","theme-transparent-header-meta":"default","adv-header-id-meta":"","stick-header-meta":"","header-above-stick-meta":"","header-main-stick-meta":"","header-below-stick-meta":"","astra-migrate-meta-layouts":"set","ast-page-background-enabled":"default","ast-page-background-meta":{"desktop":{"background-color":"var(--ast-global-color-5)","background-image":"","background-repeat":"repeat","background-position":"center center","background-size":"auto","background-attachment":"scroll","background-type":"","background-media":"","overlay-type":"","overlay-color":"","overlay-opacity":"","overlay-gradient":""},"tablet":{"background-color":"","background-image":"","background-repeat":"repeat","background-position":"center center","background-size":"auto","background-attachment":"scroll","background-type":"","background-media":"","overlay-type":"","overlay-color":"","overlay-opacity":"","overlay-gradient":""},"mobile":{"background-color":"","background-image":"","background-repeat":"repeat","background-position":"center center","background-size":"auto","background-attachment":"scroll","background-type":"","background-media":"","overlay-type":"","overlay-color":"","overlay-opacity":"","overlay-gradient":""}},"ast-content-background-meta":{"desktop":{"background-color":"var(--ast-global-color-4)","background-image":"","background-repeat":"repeat","background-position":"center center","background-size":"auto","background-attachment":"scroll","background-type":"","background-media":"","overlay-type":"","overlay-color":"","overlay-opacity":"","overlay-gradient":""},"tablet":{"background-color":"var(--ast-global-color-4)","background-image":"","background-repeat":"repeat","background-position":"center center","background-size":"auto","background-attachment":"scroll","background-type":"","background-media":"","overlay-type":"","overlay-color":"","overlay-opacity":"","overlay-gradient":""},"mobile":{"background-color":"var(--ast-global-color-4)","background-image":"","background-repeat":"repeat","background-position":"center center","background-size":"auto","background-attachment":"scroll","background-type":"","background-media":"","overlay-type":"","overlay-color":"","overlay-opacity":"","overlay-gradient":""}}},"product_brand":[],"product_cat":[21],"product_tag":[],"class_list":{"0":"post-591","1":"product","2":"type-product","3":"status-publish","4":"has-post-thumbnail","6":"product_cat-eventos-online","7":"desktop-align-left","8":"tablet-align-left","9":"mobile-align-left","11":"first","12":"instock","13":"virtual","14":"taxable","15":"purchasable","16":"product-type-simple"},"_links":{"self":[{"href":"https:\/\/my-pinkelephant.com\/masterclass\/wp-json\/wp\/v2\/product\/591","targetHints":{"allow":["GET"]}}],"collection":[{"href":"https:\/\/my-pinkelephant.com\/masterclass\/wp-json\/wp\/v2\/product"}],"about":[{"href":"https:\/\/my-pinkelephant.com\/masterclass\/wp-json\/wp\/v2\/types\/product"}],"wp:featuredmedia":[{"embeddable":true,"href":"https:\/\/my-pinkelephant.com\/masterclass\/wp-json\/wp\/v2\/media\/599"}],"wp:attachment":[{"href":"https:\/\/my-pinkelephant.com\/masterclass\/wp-json\/wp\/v2\/media?parent=591"}],"wp:term":[{"taxonomy":"product_brand","embeddable":true,"href":"https:\/\/my-pinkelephant.com\/masterclass\/wp-json\/wp\/v2\/product_brand?post=591"},{"taxonomy":"product_cat","embeddable":true,"href":"https:\/\/my-pinkelephant.com\/masterclass\/wp-json\/wp\/v2\/product_cat?post=591"},{"taxonomy":"product_tag","embeddable":true,"href":"https:\/\/my-pinkelephant.com\/masterclass\/wp-json\/wp\/v2\/product_tag?post=591"}],"curies":[{"name":"wp","href":"https:\/\/api.w.org\/{rel}","templated":true}]}}